{"id":91,"date":"2025-05-07T13:09:21","date_gmt":"2025-05-07T13:09:21","guid":{"rendered":"https:\/\/choltex.pl\/?page_id=91"},"modified":"2025-05-08T07:29:13","modified_gmt":"2025-05-08T07:29:13","slug":"o-nas","status":"publish","type":"page","link":"https:\/\/choltex.pl\/?page_id=91","title":{"rendered":"O NAS"},"content":{"rendered":"\n<figure class=\"wp-block-image size-full\"><img fetchpriority=\"high\" decoding=\"async\" width=\"637\" height=\"224\" src=\"https:\/\/choltex.pl\/wp-content\/uploads\/2025\/05\/Santander.png\" alt=\"\" class=\"wp-image-93\" srcset=\"https:\/\/choltex.pl\/wp-content\/uploads\/2025\/05\/Santander.png 637w, https:\/\/choltex.pl\/wp-content\/uploads\/2025\/05\/Santander-300x105.png 300w\" sizes=\"(max-width: 637px) 100vw, 637px\" \/><\/figure>\n\n\n\n<p>SPRZEDA\u017b RATALNA<\/p>\n\n\n\n<p><a href=\"https:\/\/maps.app.goo.gl\/fFDFJh8scWHYbNUe7\">32-020 WIELICZKA, UL.S\u0141OWACKIEGO 17 &#8211; NAPRZECIWKO MEDIATEKI WIELICKIEJ &#8211; WSKAZ\u00d3WKI DOJAZDU<\/a><\/p>\n","protected":false},"excerpt":{"rendered":"<p>SPRZEDA\u017b RATALNA 32-020 WIELICZKA, UL.S\u0141OWACKIEGO 17 &#8211; NAPRZECIWKO MEDIATEKI WIELICKIEJ &#8211; WSKAZ\u00d3WKI DOJAZDU<\/p>\n","protected":false},"author":1,"featured_media":92,"parent":0,"menu_order":0,"comment_status":"closed","ping_status":"closed","template":"","meta":{"footnotes":""},"class_list":["post-91","page","type-page","status-publish","has-post-thumbnail","hentry"],"_links":{"self":[{"href":"https:\/\/choltex.pl\/index.php?rest_route=\/wp\/v2\/pages\/91","targetHints":{"allow":["GET"]}}],"collection":[{"href":"https:\/\/choltex.pl\/index.php?rest_route=\/wp\/v2\/pages"}],"about":[{"href":"https:\/\/choltex.pl\/index.php?rest_route=\/wp\/v2\/types\/page"}],"author":[{"embeddable":true,"href":"https:\/\/choltex.pl\/index.php?rest_route=\/wp\/v2\/users\/1"}],"replies":[{"embeddable":true,"href":"https:\/\/choltex.pl\/index.php?rest_route=%2Fwp%2Fv2%2Fcomments&post=91"}],"version-history":[{"count":3,"href":"https:\/\/choltex.pl\/index.php?rest_route=\/wp\/v2\/pages\/91\/revisions"}],"predecessor-version":[{"id":246,"href":"https:\/\/choltex.pl\/index.php?rest_route=\/wp\/v2\/pages\/91\/revisions\/246"}],"wp:featuredmedia":[{"embeddable":true,"href":"https:\/\/choltex.pl\/index.php?rest_route=\/wp\/v2\/media\/92"}],"wp:attachment":[{"href":"https:\/\/choltex.pl\/index.php?rest_route=%2Fwp%2Fv2%2Fmedia&parent=91"}],"curies":[{"name":"wp","href":"https:\/\/api.w.org\/{rel}","templated":true}]}}