{"id":29,"date":"2025-05-07T09:59:10","date_gmt":"2025-05-07T09:59:10","guid":{"rendered":"https:\/\/choltex.pl\/?page_id=29"},"modified":"2025-05-08T09:17:50","modified_gmt":"2025-05-08T09:17:50","slug":"produkty","status":"publish","type":"page","link":"https:\/\/choltex.pl\/?page_id=29","title":{"rendered":"PRODUKTY"},"content":{"rendered":"\n<figure class=\"wp-block-image size-full\"><a href=\"https:\/\/choltex.pl\/?page_id=64\"><img fetchpriority=\"high\" decoding=\"async\" width=\"600\" height=\"340\" src=\"https:\/\/choltex.pl\/wp-content\/uploads\/2025\/05\/kuchnia-INFINITY-NAROZNA-szara-kopia-600x340-2.webp\" alt=\"\" class=\"wp-image-68\" srcset=\"https:\/\/choltex.pl\/wp-content\/uploads\/2025\/05\/kuchnia-INFINITY-NAROZNA-szara-kopia-600x340-2.webp 600w, https:\/\/choltex.pl\/wp-content\/uploads\/2025\/05\/kuchnia-INFINITY-NAROZNA-szara-kopia-600x340-2-300x170.webp 300w\" sizes=\"(max-width: 600px) 100vw, 600px\" \/><\/a><\/figure>\n\n\n\n<p><a href=\"https:\/\/choltex.pl\/?page_id=64\" data-type=\"page\" data-id=\"64\">MEBLE KUCHENNE<\/a><\/p>\n\n\n\n<figure class=\"wp-block-image size-large\"><a href=\"https:\/\/choltex.pl\/?page_id=220\"><img decoding=\"async\" width=\"1024\" height=\"512\" src=\"https:\/\/choltex.pl\/wp-content\/uploads\/2025\/05\/ar1_pop-1110x555-1-1024x512.jpg\" alt=\"\" class=\"wp-image-16\" srcset=\"https:\/\/choltex.pl\/wp-content\/uploads\/2025\/05\/ar1_pop-1110x555-1-1024x512.jpg 1024w, https:\/\/choltex.pl\/wp-content\/uploads\/2025\/05\/ar1_pop-1110x555-1-300x150.jpg 300w, https:\/\/choltex.pl\/wp-content\/uploads\/2025\/05\/ar1_pop-1110x555-1-768x384.jpg 768w, https:\/\/choltex.pl\/wp-content\/uploads\/2025\/05\/ar1_pop-1110x555-1.jpg 1110w\" sizes=\"(max-width: 1024px) 100vw, 1024px\" \/><\/a><\/figure>\n\n\n\n<p><a href=\"https:\/\/choltex.pl\/?page_id=220\" data-type=\"page\" data-id=\"220\">MEBLE POKOJOWE<\/a><\/p>\n\n\n\n<figure class=\"wp-block-image size-full\"><a href=\"https:\/\/choltex.pl\/?page_id=252\"><img decoding=\"async\" width=\"1024\" height=\"558\" src=\"https:\/\/choltex.pl\/wp-content\/uploads\/2025\/05\/nar2.jpg\" alt=\"\" class=\"wp-image-31\" srcset=\"https:\/\/choltex.pl\/wp-content\/uploads\/2025\/05\/nar2.jpg 1024w, https:\/\/choltex.pl\/wp-content\/uploads\/2025\/05\/nar2-300x163.jpg 300w, https:\/\/choltex.pl\/wp-content\/uploads\/2025\/05\/nar2-768x419.jpg 768w\" sizes=\"(max-width: 1024px) 100vw, 1024px\" \/><\/a><\/figure>\n\n\n\n<p><a href=\"https:\/\/choltex.pl\/?page_id=252\" data-type=\"page\" data-id=\"252\">MEBLE TAPICEROWANE<\/a><\/p>\n\n\n\n<figure class=\"wp-block-image size-full\"><a href=\"https:\/\/choltex.pl\/?page_id=266\"><img loading=\"lazy\" decoding=\"async\" width=\"800\" height=\"800\" src=\"https:\/\/choltex.pl\/wp-content\/uploads\/2025\/05\/A11_150-800x800-1.jpg\" alt=\"\" class=\"wp-image-18\" srcset=\"https:\/\/choltex.pl\/wp-content\/uploads\/2025\/05\/A11_150-800x800-1.jpg 800w, https:\/\/choltex.pl\/wp-content\/uploads\/2025\/05\/A11_150-800x800-1-300x300.jpg 300w, https:\/\/choltex.pl\/wp-content\/uploads\/2025\/05\/A11_150-800x800-1-150x150.jpg 150w, https:\/\/choltex.pl\/wp-content\/uploads\/2025\/05\/A11_150-800x800-1-768x768.jpg 768w\" sizes=\"(max-width: 800px) 100vw, 800px\" \/><\/a><\/figure>\n\n\n\n<p><a href=\"https:\/\/choltex.pl\/?page_id=266\" data-type=\"page\" data-id=\"266\">SZAFY<\/a><\/p>\n\n\n\n<figure class=\"wp-block-image size-large\"><a href=\"https:\/\/choltex.pl\/?page_id=310\"><img loading=\"lazy\" decoding=\"async\" width=\"1024\" height=\"558\" src=\"https:\/\/choltex.pl\/wp-content\/uploads\/2025\/05\/second_image-1024x558.webp\" alt=\"\" class=\"wp-image-19\" srcset=\"https:\/\/choltex.pl\/wp-content\/uploads\/2025\/05\/second_image-1024x558.webp 1024w, https:\/\/choltex.pl\/wp-content\/uploads\/2025\/05\/second_image-300x164.webp 300w, https:\/\/choltex.pl\/wp-content\/uploads\/2025\/05\/second_image-768x419.webp 768w, https:\/\/choltex.pl\/wp-content\/uploads\/2025\/05\/second_image.webp 1280w\" sizes=\"(max-width: 1024px) 100vw, 1024px\" \/><\/a><\/figure>\n\n\n\n<p><a href=\"https:\/\/choltex.pl\/?page_id=310\" data-type=\"page\" data-id=\"310\">\u0141\u00d3\u017bKA<\/a><\/p>\n","protected":false},"excerpt":{"rendered":"<p>MEBLE KUCHENNE MEBLE POKOJOWE MEBLE TAPICEROWANE SZAFY \u0141\u00d3\u017bKA<\/p>\n","protected":false},"author":1,"featured_media":77,"parent":0,"menu_order":0,"comment_status":"closed","ping_status":"closed","template":"","meta":{"footnotes":""},"class_list":["post-29","page","type-page","status-publish","has-post-thumbnail","hentry"],"_links":{"self":[{"href":"https:\/\/choltex.pl\/index.php?rest_route=\/wp\/v2\/pages\/29","targetHints":{"allow":["GET"]}}],"collection":[{"href":"https:\/\/choltex.pl\/index.php?rest_route=\/wp\/v2\/pages"}],"about":[{"href":"https:\/\/choltex.pl\/index.php?rest_route=\/wp\/v2\/types\/page"}],"author":[{"embeddable":true,"href":"https:\/\/choltex.pl\/index.php?rest_route=\/wp\/v2\/users\/1"}],"replies":[{"embeddable":true,"href":"https:\/\/choltex.pl\/index.php?rest_route=%2Fwp%2Fv2%2Fcomments&post=29"}],"version-history":[{"count":11,"href":"https:\/\/choltex.pl\/index.php?rest_route=\/wp\/v2\/pages\/29\/revisions"}],"predecessor-version":[{"id":329,"href":"https:\/\/choltex.pl\/index.php?rest_route=\/wp\/v2\/pages\/29\/revisions\/329"}],"wp:featuredmedia":[{"embeddable":true,"href":"https:\/\/choltex.pl\/index.php?rest_route=\/wp\/v2\/media\/77"}],"wp:attachment":[{"href":"https:\/\/choltex.pl\/index.php?rest_route=%2Fwp%2Fv2%2Fmedia&parent=29"}],"curies":[{"name":"wp","href":"https:\/\/api.w.org\/{rel}","templated":true}]}}